{"id":3306,"date":"2022-12-06T03:13:39","date_gmt":"2022-12-06T08:13:39","guid":{"rendered":"https:\/\/eurovisionled.com\/?post_type=product&#038;p=3306"},"modified":"2022-12-06T03:23:39","modified_gmt":"2022-12-06T08:23:39","slug":"xd-led-headlight-conversion-kit","status":"publish","type":"product","link":"https:\/\/eurovisionled.com\/fr\/produit\/xd-led-headlight-conversion-kit\/","title":{"rendered":"Kit de conversion de phares \u00e0 DEL XD"},"content":{"rendered":"<p>Une vision routi\u00e8re fiable est indispensable pour la s\u00e9curit\u00e9 des v\u00e9hicules. Il va sans dire que pouvoir voir o\u00f9 l\u2019on va fait une \u00e9norme diff\u00e9rence. Les nouvelles technologies DEL ont rendu cette s\u00e9curit\u00e9 accessible \u00e0 tous.<br \/>\nLes kits de conversion DEL ont une installation \u00ab plug-and-play \u00bb et produisent entre 4000 et 8000 lumens tout en utilisant moins de puissance que les ampoules halog\u00e8nes d\u2019origine. Elles durent \u00e9galement jusqu\u2019\u00e0 10 fois plus longtemps que les ampoules \u00e0 incandescence, avec une \u00e9norme diff\u00e9rence de luminosit\u00e9.<\/p>","protected":false},"excerpt":{"rendered":"<p>Une vision routi\u00e8re fiable est indispensable pour la s\u00e9curit\u00e9 des v\u00e9hicules. Il va sans dire que pouvoir voir o\u00f9 l\u2019on va fait une \u00e9norme diff\u00e9rence. Les nouvelles technologies DEL ont rendu cette s\u00e9curit\u00e9 accessible \u00e0 tous.<\/p>","protected":false},"featured_media":3308,"template":"","meta":{"_acf_changed":false},"product_cat":[31],"product_tag":[110,297],"class_list":{"0":"post-3306","1":"product","2":"type-product","3":"status-publish","4":"has-post-thumbnail","6":"product_cat-headlight-bulbs","7":"product_tag-headlights","8":"product_tag-xd","10":"first","11":"instock","12":"featured","13":"shipping-taxable","14":"product-type-simple","swatches":"rey-swatches","show_selected":""},"aioseo_notices":[],"acf":[],"_links":{"self":[{"href":"https:\/\/eurovisionled.com\/fr\/wp-json\/wp\/v2\/product\/3306","targetHints":{"allow":["GET"]}}],"collection":[{"href":"https:\/\/eurovisionled.com\/fr\/wp-json\/wp\/v2\/product"}],"about":[{"href":"https:\/\/eurovisionled.com\/fr\/wp-json\/wp\/v2\/types\/product"}],"wp:featuredmedia":[{"embeddable":true,"href":"https:\/\/eurovisionled.com\/fr\/wp-json\/wp\/v2\/media\/3308"}],"wp:attachment":[{"href":"https:\/\/eurovisionled.com\/fr\/wp-json\/wp\/v2\/media?parent=3306"}],"wp:term":[{"taxonomy":"product_cat","embeddable":true,"href":"https:\/\/eurovisionled.com\/fr\/wp-json\/wp\/v2\/product_cat?post=3306"},{"taxonomy":"product_tag","embeddable":true,"href":"https:\/\/eurovisionled.com\/fr\/wp-json\/wp\/v2\/product_tag?post=3306"}],"curies":[{"name":"wp","href":"https:\/\/api.w.org\/{rel}","templated":true}]}}