{"id":2917,"date":"2022-11-16T17:59:22","date_gmt":"2022-11-16T22:59:22","guid":{"rendered":"https:\/\/eurovisionled.com\/?post_type=product&#038;p=2917"},"modified":"2022-11-21T12:08:07","modified_gmt":"2022-11-21T17:08:07","slug":"e807pa","status":"publish","type":"product","link":"https:\/\/eurovisionled.com\/fr\/produit\/e807pa\/","title":{"rendered":"E807PA"},"content":{"rendered":"<div class=\"elementor-text-editor elementor-clearfix\">\n<p>Les voyants d\u2019avertissement \u00e0 DEL \u00e0 360 degr\u00e9s rendent votre v\u00e9hicule visible sous tous les angles pour aider \u00e0 maximiser la s\u00e9curit\u00e9. Les stroboscopes \u00e0 DEL de couleur ambre sont g\u00e9n\u00e9ralement utilis\u00e9s sur les v\u00e9hicules de construction et les v\u00e9hicules priv\u00e9s comme les camions chasse-neige et les pompiers volontaires.<\/p>\n<p>Nos lumi\u00e8res stroboscopiques peuvent \u00eatre install\u00e9es de fa\u00e7on permanente ou temporaire sur une vari\u00e9t\u00e9 de v\u00e9hicules, y compris les v\u00e9hicules d\u2019assistance routi\u00e8re, les v\u00e9hicules d\u2019escorte, les engins de chantier, les d\u00e9panneuses, les v\u00e9hicules utilitaires, les machines agricoles et\/ou industrielles et m\u00eame les autobus scolaires.<\/p>\n<\/div>","protected":false},"excerpt":{"rendered":"<p>Les voyants d\u2019avertissement \u00e0 DEL \u00e0 360 degr\u00e9s rendent votre v\u00e9hicule visible sous tous les angles pour aider \u00e0 maximiser la s\u00e9curit\u00e9. Les stroboscopes \u00e0 DEL de couleur ambre sont g\u00e9n\u00e9ralement utilis\u00e9s sur les v\u00e9hicules de construction et les v\u00e9hicules priv\u00e9s comme les camions chasse-neige et les pompiers volontaires.<\/p>","protected":false},"featured_media":2918,"template":"","meta":{"_acf_changed":false},"product_cat":[48],"product_tag":[156,129,157],"class_list":{"0":"post-2917","1":"product","2":"type-product","3":"status-publish","4":"has-post-thumbnail","6":"product_cat-strobes","7":"product_tag-e807pa","8":"product_tag-led","9":"product_tag-strobe","11":"first","12":"instock","13":"shipping-taxable","14":"product-type-simple","swatches":"rey-swatches","show_selected":""},"aioseo_notices":[],"acf":[],"_links":{"self":[{"href":"https:\/\/eurovisionled.com\/fr\/wp-json\/wp\/v2\/product\/2917","targetHints":{"allow":["GET"]}}],"collection":[{"href":"https:\/\/eurovisionled.com\/fr\/wp-json\/wp\/v2\/product"}],"about":[{"href":"https:\/\/eurovisionled.com\/fr\/wp-json\/wp\/v2\/types\/product"}],"wp:featuredmedia":[{"embeddable":true,"href":"https:\/\/eurovisionled.com\/fr\/wp-json\/wp\/v2\/media\/2918"}],"wp:attachment":[{"href":"https:\/\/eurovisionled.com\/fr\/wp-json\/wp\/v2\/media?parent=2917"}],"wp:term":[{"taxonomy":"product_cat","embeddable":true,"href":"https:\/\/eurovisionled.com\/fr\/wp-json\/wp\/v2\/product_cat?post=2917"},{"taxonomy":"product_tag","embeddable":true,"href":"https:\/\/eurovisionled.com\/fr\/wp-json\/wp\/v2\/product_tag?post=2917"}],"curies":[{"name":"wp","href":"https:\/\/api.w.org\/{rel}","templated":true}]}}