{"id":2782,"date":"2022-11-15T17:46:37","date_gmt":"2022-11-15T22:46:37","guid":{"rendered":"https:\/\/eurovisionled.com\/?post_type=product&#038;p=2782"},"modified":"2022-11-15T17:48:18","modified_gmt":"2022-11-15T22:48:18","slug":"e660s","status":"publish","type":"product","link":"https:\/\/eurovisionled.com\/fr\/produit\/e660s\/","title":{"rendered":"E660S"},"content":{"rendered":"<p>Les lampes utilitaires\/de travail ont une installation \u00ab plug-and-play \u00bb et produisent entre 800 et 5000 lumens tout en utilisant moins de puissance que les ampoules halog\u00e8nes d\u2019origine. Ils sont disponibles en faisceaux \u00e9troit ou large, les projetant ainsi exactement l\u00e0 o\u00f9 vous en avez besoin et sont livr\u00e9s avec une certification d\u2019\u00e9tanch\u00e9it\u00e9 IP67.<\/p>\n<p>Ils ont une caisse en aluminium de qualit\u00e9 a\u00e9ronautique qui est antichoc avec des supports de montage en acier inoxydable et toute quincaill\u00e9rie est incluse.<\/p>","protected":false},"excerpt":{"rendered":"<p>Les lampes utilitaires\/de travail ont une installation \u00ab plug-and-play \u00bb et produisent entre 800 et 5000 lumens tout en utilisant moins de puissance que les ampoules halog\u00e8nes d\u2019origine. Ils sont disponibles en faisceaux \u00e9troit ou large, les projetant ainsi exactement l\u00e0 o\u00f9 vous en avez besoin et sont livr\u00e9s avec une certification d\u2019\u00e9tanch\u00e9it\u00e9 IP67.<\/p>","protected":false},"featured_media":2783,"template":"","meta":{"_acf_changed":false},"product_cat":[47],"product_tag":[152,129,146,147],"class_list":{"0":"post-2782","1":"product","2":"type-product","3":"status-publish","4":"has-post-thumbnail","6":"product_cat-utility-lamps","7":"product_tag-e660s","8":"product_tag-led","9":"product_tag-utility-lamp","10":"product_tag-work-lamp","12":"first","13":"instock","14":"featured","15":"shipping-taxable","16":"product-type-simple","swatches":"rey-swatches","show_selected":""},"aioseo_notices":[],"acf":[],"_links":{"self":[{"href":"https:\/\/eurovisionled.com\/fr\/wp-json\/wp\/v2\/product\/2782","targetHints":{"allow":["GET"]}}],"collection":[{"href":"https:\/\/eurovisionled.com\/fr\/wp-json\/wp\/v2\/product"}],"about":[{"href":"https:\/\/eurovisionled.com\/fr\/wp-json\/wp\/v2\/types\/product"}],"wp:featuredmedia":[{"embeddable":true,"href":"https:\/\/eurovisionled.com\/fr\/wp-json\/wp\/v2\/media\/2783"}],"wp:attachment":[{"href":"https:\/\/eurovisionled.com\/fr\/wp-json\/wp\/v2\/media?parent=2782"}],"wp:term":[{"taxonomy":"product_cat","embeddable":true,"href":"https:\/\/eurovisionled.com\/fr\/wp-json\/wp\/v2\/product_cat?post=2782"},{"taxonomy":"product_tag","embeddable":true,"href":"https:\/\/eurovisionled.com\/fr\/wp-json\/wp\/v2\/product_tag?post=2782"}],"curies":[{"name":"wp","href":"https:\/\/api.w.org\/{rel}","templated":true}]}}