{"id":2765,"date":"2022-11-15T15:35:14","date_gmt":"2022-11-15T20:35:14","guid":{"rendered":"https:\/\/eurovisionled.com\/?post_type=product&#038;p=2765"},"modified":"2022-11-15T15:52:21","modified_gmt":"2022-11-15T20:52:21","slug":"dual-row-led-lightbars","status":"publish","type":"product","link":"https:\/\/eurovisionled.com\/fr\/produit\/dual-row-led-lightbars\/","title":{"rendered":"Barres lumineuses \u00e0 DEL rang\u00e9e double"},"content":{"rendered":"<p>Les barres lumineuses \u00e0 DEL \u00e0 double rang\u00e9e ont une installation \u00ab plug-and-play \u00bb et produisent entre 4000 et 32000 lumens tout en utilisant moins de puissance que les ampoules halog\u00e8nes d\u2019origine. Le projecteur \u00ab Fish eye \u00bb de \u00ab 4D Optic \u00bb capture la quantit\u00e9 maximale de lumi\u00e8re \u00e9mise par la DEL en la projetant exactement l\u00e0 o\u00f9 vous en avez besoin.<\/p>\n<p>Sa conception modulaire unique permet de retirer les sections pour un entretien facile et le reniflard de type militaire laisse entrer l\u2019air sans laisser entrer l\u2019humidit\u00e9. Des supports de montage en acier inoxydable et d\u2019autres \u00e9l\u00e9ments de quincaillerie sont inclus.<\/p>","protected":false},"excerpt":{"rendered":"<p>Les barres lumineuses \u00e0 DEL \u00e0 double rang\u00e9e ont une installation \u00ab plug-and-play \u00bb et produisent entre 4000 et 32000 lumens tout en utilisant moins de puissance que les ampoules halog\u00e8nes d\u2019origine. Le projecteur \u00ab Fish eye \u00bb de \u00ab 4D Optic \u00bb capture la quantit\u00e9 maximale de lumi\u00e8re \u00e9mise par la DEL en la projetant exactement l\u00e0 o\u00f9 vous en avez besoin.<\/p>","protected":false},"featured_media":2766,"template":"","meta":{"_acf_changed":false},"product_cat":[41],"product_tag":[134,129,127],"class_list":{"0":"post-2765","1":"product","2":"type-product","3":"status-publish","4":"has-post-thumbnail","6":"product_cat-lightbars","7":"product_tag-dual-row","8":"product_tag-led","9":"product_tag-lightbars","11":"first","12":"instock","13":"featured","14":"shipping-taxable","15":"product-type-simple","swatches":"rey-swatches","show_selected":""},"aioseo_notices":[],"acf":[],"_links":{"self":[{"href":"https:\/\/eurovisionled.com\/fr\/wp-json\/wp\/v2\/product\/2765","targetHints":{"allow":["GET"]}}],"collection":[{"href":"https:\/\/eurovisionled.com\/fr\/wp-json\/wp\/v2\/product"}],"about":[{"href":"https:\/\/eurovisionled.com\/fr\/wp-json\/wp\/v2\/types\/product"}],"wp:featuredmedia":[{"embeddable":true,"href":"https:\/\/eurovisionled.com\/fr\/wp-json\/wp\/v2\/media\/2766"}],"wp:attachment":[{"href":"https:\/\/eurovisionled.com\/fr\/wp-json\/wp\/v2\/media?parent=2765"}],"wp:term":[{"taxonomy":"product_cat","embeddable":true,"href":"https:\/\/eurovisionled.com\/fr\/wp-json\/wp\/v2\/product_cat?post=2765"},{"taxonomy":"product_tag","embeddable":true,"href":"https:\/\/eurovisionled.com\/fr\/wp-json\/wp\/v2\/product_tag?post=2765"}],"curies":[{"name":"wp","href":"https:\/\/api.w.org\/{rel}","templated":true}]}}