{"id":271,"date":"2022-01-26T10:59:10","date_gmt":"2022-01-26T15:59:10","guid":{"rendered":"https:\/\/eurovisionled.com\/?page_id=271"},"modified":"2024-11-06T15:47:23","modified_gmt":"2024-11-06T20:47:23","slug":"about","status":"publish","type":"page","link":"https:\/\/eurovisionled.com\/fr\/about\/","title":{"rendered":"\u00c0 propos"},"content":{"rendered":"<div data-elementor-type=\"wp-page\" data-elementor-id=\"271\" class=\"elementor elementor-271\">\n\t\t\t\t\t\t<section class=\"elementor-section elementor-top-section elementor-element elementor-element-62e8ae6 elementor-section-boxed elementor-section-height-default elementor-section-height-default\" data-id=\"62e8ae6\" data-element_type=\"section\" data-e-type=\"section\">\n\t\t\t\t\t\t<div class=\"elementor-container elementor-column-gap-default\">\n\t\t\t\t\t<div class=\"elementor-column elementor-col-50 elementor-top-column elementor-element elementor-element-bd6ff4c\" data-id=\"bd6ff4c\" data-element_type=\"column\" data-e-type=\"column\">\n\t\t\t<div class=\"elementor-column-wrap--bd6ff4c elementor-widget-wrap elementor-element-populated\">\n\t\t\t\t\t\t<div class=\"elementor-element elementor-element-8871de0 elementor-widget elementor-widget-heading\" data-id=\"8871de0\" data-element_type=\"widget\" data-e-type=\"widget\" data-widget_type=\"heading.default\">\n\t\t\t\t<div class=\"elementor-widget-container\">\n\t\t\t\t\t<h1 class=\"elementor-heading-title elementor-size-default\">\u00c0 propos<\/h1>\t\t\t\t<\/div>\n\t\t\t\t<\/div>\n\t\t\t\t<div class=\"elementor-element elementor-element-addbe10 elementor-widget elementor-widget-text-editor\" data-id=\"addbe10\" data-element_type=\"widget\" data-e-type=\"widget\" data-widget_type=\"text-editor.default\">\n\t\t\t\t<div class=\"elementor-widget-container\">\n\t\t\t\t\t\t\t\t\t<p>Eurovision LED est distribu\u00e9 par Transbec Canada.<\/p><p>Fond\u00e9 en 1974 par M. Pierre Deaudelin, Transbec est l\u2019un des plus importants distributeurs de pi\u00e8ces et accessoires automobiles en Am\u00e9rique du Nord. Transbec offre un catalogue de plus de 30 000 pi\u00e8ces et accessoires pour toutes les marques et tous les mod\u00e8les de voitures nationales et import\u00e9es, le tout \u00e0 des prix tr\u00e8s abordables!<br \/>De plus, par l\u2019entremise de sa compagnie soeur Direct Auto Import, Transbec offre une vaste gamme de produits notamment des jantes, des roues et des pneus.<\/p>\t\t\t\t\t\t\t\t<\/div>\n\t\t\t\t<\/div>\n\t\t\t\t\t<\/div>\n\t\t<\/div>\n\t\t\t\t<div class=\"elementor-column elementor-col-50 elementor-top-column elementor-element elementor-element-9d67a41\" data-id=\"9d67a41\" data-element_type=\"column\" data-e-type=\"column\">\n\t\t\t<div class=\"elementor-column-wrap--9d67a41 elementor-widget-wrap elementor-element-populated\">\n\t\t\t\t\t\t<div class=\"elementor-element elementor-element-051a60f elementor-widget elementor-widget-image\" data-id=\"051a60f\" data-element_type=\"widget\" data-e-type=\"widget\" data-widget_type=\"image.default\">\n\t\t\t\t<div class=\"elementor-widget-container\">\n\t\t\t\t\t\t\t\t\t\t\t\t\t\t\t<img fetchpriority=\"high\" decoding=\"async\" width=\"975\" height=\"1024\" src=\"https:\/\/eurovisionled.com\/wp-content\/uploads\/2022\/11\/pierre_deaudelin_WEB-975x1024.jpg\" class=\"attachment-large size-large wp-image-2645\" alt=\"\" srcset=\"https:\/\/eurovisionled.com\/wp-content\/uploads\/2022\/11\/pierre_deaudelin_WEB-975x1024.jpg 975w, https:\/\/eurovisionled.com\/wp-content\/uploads\/2022\/11\/pierre_deaudelin_WEB-286x300.jpg 286w, https:\/\/eurovisionled.com\/wp-content\/uploads\/2022\/11\/pierre_deaudelin_WEB-768x807.jpg 768w, https:\/\/eurovisionled.com\/wp-content\/uploads\/2022\/11\/pierre_deaudelin_WEB-1462x1536.jpg 1462w, https:\/\/eurovisionled.com\/wp-content\/uploads\/2022\/11\/pierre_deaudelin_WEB-1024x1076.jpg 1024w, https:\/\/eurovisionled.com\/wp-content\/uploads\/2022\/11\/pierre_deaudelin_WEB-1000x1051.jpg 1000w, https:\/\/eurovisionled.com\/wp-content\/uploads\/2022\/11\/pierre_deaudelin_WEB.jpg 1679w\" sizes=\"(max-width: 975px) 100vw, 975px\" \/>\t\t\t\t\t\t\t\t\t\t\t\t\t\t\t<\/div>\n\t\t\t\t<\/div>\n\t\t\t\t\t<\/div>\n\t\t<\/div>\n\t\t\t\t\t<\/div>\n\t\t<\/section>\n\t\t\t\t<section class=\"elementor-section elementor-top-section elementor-element elementor-element-0394789 elementor-section-full_width elementor-section-height-default elementor-section-height-default\" data-id=\"0394789\" data-element_type=\"section\" data-e-type=\"section\">\n\t\t\t\t\t\t<div class=\"elementor-container elementor-column-gap-default\">\n\t\t\t\t\t<div class=\"elementor-column elementor-col-100 elementor-top-column elementor-element elementor-element-ac84340\" data-id=\"ac84340\" data-element_type=\"column\" data-e-type=\"column\">\n\t\t\t<div class=\"elementor-column-wrap--ac84340 elementor-widget-wrap elementor-element-populated\">\n\t\t\t\t\t\t<div class=\"elementor-element elementor-element-304c347 elementor-widget elementor-widget-image\" data-id=\"304c347\" data-element_type=\"widget\" data-e-type=\"widget\" data-widget_type=\"image.default\">\n\t\t\t\t<div class=\"elementor-widget-container\">\n\t\t\t\t\t\t\t\t\t\t\t\t\t\t\t<img decoding=\"async\" width=\"1024\" height=\"273\" src=\"https:\/\/eurovisionled.com\/wp-content\/uploads\/2022\/12\/trb_build-1024x273.jpg\" class=\"attachment-large size-large wp-image-3297\" alt=\"\" srcset=\"https:\/\/eurovisionled.com\/wp-content\/uploads\/2022\/12\/trb_build-1024x273.jpg 1024w, https:\/\/eurovisionled.com\/wp-content\/uploads\/2022\/12\/trb_build-300x80.jpg 300w, https:\/\/eurovisionled.com\/wp-content\/uploads\/2022\/12\/trb_build-768x205.jpg 768w, https:\/\/eurovisionled.com\/wp-content\/uploads\/2022\/12\/trb_build-1000x267.jpg 1000w, https:\/\/eurovisionled.com\/wp-content\/uploads\/2022\/12\/trb_build.jpg 1229w\" sizes=\"(max-width: 1024px) 100vw, 1024px\" \/>\t\t\t\t\t\t\t\t\t\t\t\t\t\t\t<\/div>\n\t\t\t\t<\/div>\n\t\t\t\t<div class=\"elementor-element elementor-element-75a35ea elementor-widget elementor-widget-text-editor\" data-id=\"75a35ea\" data-element_type=\"widget\" data-e-type=\"widget\" data-widget_type=\"text-editor.default\">\n\t\t\t\t<div class=\"elementor-widget-container\">\n\t\t\t\t\t\t\t\t\tTransbec est un distributeur de pi\u00e8ces et d'accessoires automobiles \u00e0 travers le Canada et les \u00c9tats-Unis.<br>Nous disposons de 15 d\u00e9p\u00f4ts pour mieux vous servir et vous assurer un service de qualit\u00e9. <a href=\"https:\/\/eurovisionled.com\/fr\/contact\/\"><br>Contactez-nous<\/a> pour plus de d\u00e9tails.\t\t\t\t\t\t\t\t<\/div>\n\t\t\t\t<\/div>\n\t\t\t\t\t<\/div>\n\t\t<\/div>\n\t\t\t\t\t<\/div>\n\t\t<\/section>\n\t\t\t\t<\/div>","protected":false},"excerpt":{"rendered":"<p>About Eurovision LED is distributed by Transbec Canada. Established in 1974 by Mr. Pierre Deaudelin, Transbec is one of North America\u2019s largest distributors of auto parts and accessories. They have a catalog with more than 30,000 parts and accessories to fill all brands and models of domestic and imported cars, all at very affordable prices!In [&hellip;]<\/p>\n","protected":false},"author":1,"featured_media":0,"parent":0,"menu_order":0,"comment_status":"closed","ping_status":"closed","template":"template-builder.php","meta":{"_acf_changed":false,"footnotes":""},"class_list":["post-271","page","type-page","status-publish","hentry"],"aioseo_notices":[],"acf":[],"_links":{"self":[{"href":"https:\/\/eurovisionled.com\/fr\/wp-json\/wp\/v2\/pages\/271","targetHints":{"allow":["GET"]}}],"collection":[{"href":"https:\/\/eurovisionled.com\/fr\/wp-json\/wp\/v2\/pages"}],"about":[{"href":"https:\/\/eurovisionled.com\/fr\/wp-json\/wp\/v2\/types\/page"}],"author":[{"embeddable":true,"href":"https:\/\/eurovisionled.com\/fr\/wp-json\/wp\/v2\/users\/1"}],"replies":[{"embeddable":true,"href":"https:\/\/eurovisionled.com\/fr\/wp-json\/wp\/v2\/comments?post=271"}],"version-history":[{"count":34,"href":"https:\/\/eurovisionled.com\/fr\/wp-json\/wp\/v2\/pages\/271\/revisions"}],"predecessor-version":[{"id":3500,"href":"https:\/\/eurovisionled.com\/fr\/wp-json\/wp\/v2\/pages\/271\/revisions\/3500"}],"wp:attachment":[{"href":"https:\/\/eurovisionled.com\/fr\/wp-json\/wp\/v2\/media?parent=271"}],"curies":[{"name":"wp","href":"https:\/\/api.w.org\/{rel}","templated":true}]}}