{"id":249,"date":"2022-01-26T10:48:55","date_gmt":"2022-01-26T10:48:55","guid":{"rendered":"https:\/\/eurovisionled.com\/?page_id=249"},"modified":"2022-11-15T12:16:53","modified_gmt":"2022-11-15T17:16:53","slug":"terms-conditions","status":"publish","type":"page","link":"https:\/\/eurovisionled.com\/fr\/terms-conditions\/","title":{"rendered":"Termes et conditions"},"content":{"rendered":"<div data-elementor-type=\"wp-page\" data-elementor-id=\"249\" class=\"elementor elementor-249\">\n\t\t\t\t\t\t<section class=\"elementor-section elementor-top-section elementor-element elementor-element-df1d0ca elementor-section-boxed elementor-section-height-default elementor-section-height-default\" data-id=\"df1d0ca\" data-element_type=\"section\" data-e-type=\"section\">\n\t\t\t\t\t\t<div class=\"elementor-container elementor-column-gap-default\">\n\t\t\t\t\t<div class=\"elementor-column elementor-col-50 elementor-top-column elementor-element elementor-element-c47ef22\" data-id=\"c47ef22\" data-element_type=\"column\" data-e-type=\"column\">\n\t\t\t<div class=\"elementor-column-wrap--c47ef22 elementor-widget-wrap elementor-element-populated\">\n\t\t\t\t\t\t<div class=\"elementor-element elementor-element-f1708f0 elementor-widget elementor-widget-heading\" data-id=\"f1708f0\" data-element_type=\"widget\" data-e-type=\"widget\" data-widget_type=\"heading.default\">\n\t\t\t\t<div class=\"elementor-widget-container\">\n\t\t\t\t\t<h4 class=\"elementor-heading-title elementor-size-default\">introduction<\/h4>\t\t\t\t<\/div>\n\t\t\t\t<\/div>\n\t\t\t\t<div class=\"elementor-element elementor-element-695853e elementor-widget elementor-widget-text-editor\" data-id=\"695853e\" data-element_type=\"widget\" data-e-type=\"widget\" data-widget_type=\"text-editor.default\">\n\t\t\t\t<div class=\"elementor-widget-container\">\n\t\t\t\t\t\t\t\t\t<p>Veuillez lire attentivement ces conditions d\u2019utilisation (\u00ab conditions d\u2019utilisation \u00bb, \u00ab accord \u00bb) avant d\u2019utiliser le site Web d\u2019Eurovision LED (\u00ab site Web \u00bb, \u00ab service \u00bb) exploit\u00e9 par Eurovision LED (\u00ab nous \u00bb, \u00ab nous \u00bb, \u00ab notre \u00bb).<br \/><span style=\"background-color: var(--body-bg-color);\">.<\/span><\/p>\t\t\t\t\t\t\t\t<\/div>\n\t\t\t\t<\/div>\n\t\t\t\t<div class=\"elementor-element elementor-element-30c14e8 elementor-widget elementor-widget-heading\" data-id=\"30c14e8\" data-element_type=\"widget\" data-e-type=\"widget\" data-widget_type=\"heading.default\">\n\t\t\t\t<div class=\"elementor-widget-container\">\n\t\t\t\t\t<h4 class=\"elementor-heading-title elementor-size-default\">Conditions d'utilisation<\/h4>\t\t\t\t<\/div>\n\t\t\t\t<\/div>\n\t\t\t\t<div class=\"elementor-element elementor-element-b28e057 elementor-widget elementor-widget-text-editor\" data-id=\"b28e057\" data-element_type=\"widget\" data-e-type=\"widget\" data-widget_type=\"text-editor.default\">\n\t\t\t\t<div class=\"elementor-widget-container\">\n\t\t\t\t\t\t\t\t\t<p>En utilisant ce site Web, vous certifiez que vous avez lu et examin\u00e9 le pr\u00e9sent accord et que vous acceptez de vous conformer \u00e0 ses termes. Si vous ne souhaitez pas \u00eatre li\u00e9 par les termes du pr\u00e9sent accord, il vous est conseill\u00e9 de quitter le site Web en cons\u00e9quence. L\u2019Eurovision LED n\u2019accorde l\u2019utilisation et l\u2019acc\u00e8s \u00e0 ce site Web, ses produits et ses services qu\u2019\u00e0 ceux qui en ont accept\u00e9 les termes.<\/p>\t\t\t\t\t\t\t\t<\/div>\n\t\t\t\t<\/div>\n\t\t\t\t<div class=\"elementor-element elementor-element-de0e631 elementor-widget elementor-widget-heading\" data-id=\"de0e631\" data-element_type=\"widget\" data-e-type=\"widget\" data-widget_type=\"heading.default\">\n\t\t\t\t<div class=\"elementor-widget-container\">\n\t\t\t\t\t<h4 class=\"elementor-heading-title elementor-size-default\">Politique de confidentialit\u00e9<\/h4>\t\t\t\t<\/div>\n\t\t\t\t<\/div>\n\t\t\t\t<div class=\"elementor-element elementor-element-d0dbe08 elementor-widget elementor-widget-text-editor\" data-id=\"d0dbe08\" data-element_type=\"widget\" data-e-type=\"widget\" data-widget_type=\"text-editor.default\">\n\t\t\t\t<div class=\"elementor-widget-container\">\n\t\t\t\t\t\t\t\t\t<p>Avant de continuer \u00e0 utiliser notre site Web, nous vous conseillons de lire notre politique de confidentialit\u00e9, accessible \u00e0 l\u2019adresse <a href=\"https:\/\/eurovisionled.com\/fr\/privacy-policy\/\">https:\/\/eurovisionled.com\/privacy-policy\/<\/a> concernant notre collecte de donn\u00e9es utilisateur. Cela vous aidera \u00e0 mieux comprendre nos pratiques.<\/p>\t\t\t\t\t\t\t\t<\/div>\n\t\t\t\t<\/div>\n\t\t\t\t<div class=\"elementor-element elementor-element-da32799 elementor-widget elementor-widget-heading\" data-id=\"da32799\" data-element_type=\"widget\" data-e-type=\"widget\" data-widget_type=\"heading.default\">\n\t\t\t\t<div class=\"elementor-widget-container\">\n\t\t\t\t\t<h4 class=\"elementor-heading-title elementor-size-default\">Restriction d'\u00e2ge<\/h4>\t\t\t\t<\/div>\n\t\t\t\t<\/div>\n\t\t\t\t<div class=\"elementor-element elementor-element-e5b697c elementor-widget elementor-widget-text-editor\" data-id=\"e5b697c\" data-element_type=\"widget\" data-e-type=\"widget\" data-widget_type=\"text-editor.default\">\n\t\t\t\t<div class=\"elementor-widget-container\">\n\t\t\t\t\t\t\t\t\t<p>Vous devez avoir au moins 18 (dix-huit) ans avant de pouvoir utiliser ce site Web. En utilisant ce site Web, vous garantissez que vous avez au moins 18 ans et que vous pouvez l\u00e9galement adh\u00e9rer \u00e0 cet accord. L\u2019Eurovision LED n\u2019assume aucune responsabilit\u00e9 pour les responsabilit\u00e9s li\u00e9es \u00e0 une fausse d\u00e9claration d\u2019\u00e2ge.<\/p>\t\t\t\t\t\t\t\t<\/div>\n\t\t\t\t<\/div>\n\t\t\t\t<div class=\"elementor-element elementor-element-08c0e43 elementor-widget elementor-widget-heading\" data-id=\"08c0e43\" data-element_type=\"widget\" data-e-type=\"widget\" data-widget_type=\"heading.default\">\n\t\t\t\t<div class=\"elementor-widget-container\">\n\t\t\t\t\t<h4 class=\"elementor-heading-title elementor-size-default\">Propri\u00e9t\u00e9 intellectuelle<\/h4>\t\t\t\t<\/div>\n\t\t\t\t<\/div>\n\t\t\t\t<div class=\"elementor-element elementor-element-3e043fb elementor-widget elementor-widget-text-editor\" data-id=\"3e043fb\" data-element_type=\"widget\" data-e-type=\"widget\" data-widget_type=\"text-editor.default\">\n\t\t\t\t<div class=\"elementor-widget-container\">\n\t\t\t\t\t\t\t\t\t<p>Vous acceptez que tous les mat\u00e9riaux, produits et services fournis sur ce site Web sont la propri\u00e9t\u00e9 d\u2019Eurovision LED, de ses soci\u00e9t\u00e9s affili\u00e9es, administrateurs, dirigeants, employ\u00e9s, agents, fournisseurs ou conc\u00e9dants de licence, y compris tous les droits d\u2019auteur, secrets commerciaux, marques, brevets et autres droits de propri\u00e9t\u00e9 intellectuelle. propri\u00e9t\u00e9. Vous acceptez \u00e9galement de ne pas reproduire ou redistribuer la propri\u00e9t\u00e9 intellectuelle de l\u2019Eurovision LED de quelque mani\u00e8re que ce soit, y compris les enregistrements \u00e9lectroniques, num\u00e9riques ou de nouvelles marques.<br \/>Vous accordez \u00e0 Eurovision LED une licence libre de droits et non exclusive pour afficher, utiliser, copier, transmettre et diffuser le contenu que vous t\u00e9l\u00e9chargez et publiez. Pour les questions concernant les revendications de propri\u00e9t\u00e9 intellectuelle, vous devez contacter l\u2019entreprise afin de parvenir \u00e0 un accord.<\/p>\t\t\t\t\t\t\t\t<\/div>\n\t\t\t\t<\/div>\n\t\t\t\t\t<\/div>\n\t\t<\/div>\n\t\t\t\t<div class=\"elementor-column elementor-col-50 elementor-top-column elementor-element elementor-element-f8cb43c\" data-id=\"f8cb43c\" data-element_type=\"column\" data-e-type=\"column\">\n\t\t\t<div class=\"elementor-column-wrap--f8cb43c elementor-widget-wrap elementor-element-populated\">\n\t\t\t\t\t\t<div class=\"elementor-element elementor-element-85db2a9 elementor-widget elementor-widget-heading\" data-id=\"85db2a9\" data-element_type=\"widget\" data-e-type=\"widget\" data-widget_type=\"heading.default\">\n\t\t\t\t<div class=\"elementor-widget-container\">\n\t\t\t\t\t<h4 class=\"elementor-heading-title elementor-size-default\">Comptes utilisateur<\/h4>\t\t\t\t<\/div>\n\t\t\t\t<\/div>\n\t\t\t\t<div class=\"elementor-element elementor-element-7302aa1 elementor-widget elementor-widget-text-editor\" data-id=\"7302aa1\" data-element_type=\"widget\" data-e-type=\"widget\" data-widget_type=\"text-editor.default\">\n\t\t\t\t<div class=\"elementor-widget-container\">\n\t\t\t\t\t\t\t\t\t<p>En tant qu\u2019utilisateur de ce site Web, vous pouvez \u00eatre invit\u00e9 \u00e0 vous inscrire aupr\u00e8s de nous et \u00e0 fournir des informations priv\u00e9es. Vous \u00eates responsable d\u2019assurer l\u2019exactitude de ces informations et vous \u00eates responsable du maintien de la s\u00fbret\u00e9 et de la s\u00e9curit\u00e9 de vos informations d\u2019identification.<\/p>\t\t\t\t\t\t\t\t<\/div>\n\t\t\t\t<\/div>\n\t\t\t\t<div class=\"elementor-element elementor-element-f914d96 elementor-widget elementor-widget-heading\" data-id=\"f914d96\" data-element_type=\"widget\" data-e-type=\"widget\" data-widget_type=\"heading.default\">\n\t\t\t\t<div class=\"elementor-widget-container\">\n\t\t\t\t\t<h4 class=\"elementor-heading-title elementor-size-default\">Loi applicable<\/h4>\t\t\t\t<\/div>\n\t\t\t\t<\/div>\n\t\t\t\t<div class=\"elementor-element elementor-element-b2624a3 elementor-widget elementor-widget-text-editor\" data-id=\"b2624a3\" data-element_type=\"widget\" data-e-type=\"widget\" data-widget_type=\"text-editor.default\">\n\t\t\t\t<div class=\"elementor-widget-container\">\n\t\t\t\t\t\t\t\t\t<p>En visitant ce site Web, vous acceptez que les lois internationales, sans \u00e9gard aux principes des lois sur les conflits, r\u00e9giront ces termes et conditions, ou tout litige de quelque nature que ce soit qui pourrait survenir entre Eurovision LED et vous, ou ses partenaires commerciaux et associ\u00e9s.<\/p>\t\t\t\t\t\t\t\t<\/div>\n\t\t\t\t<\/div>\n\t\t\t\t<div class=\"elementor-element elementor-element-60f8d72 elementor-widget elementor-widget-heading\" data-id=\"60f8d72\" data-element_type=\"widget\" data-e-type=\"widget\" data-widget_type=\"heading.default\">\n\t\t\t\t<div class=\"elementor-widget-container\">\n\t\t\t\t\t<h4 class=\"elementor-heading-title elementor-size-default\">Litiges<\/h4>\t\t\t\t<\/div>\n\t\t\t\t<\/div>\n\t\t\t\t<div class=\"elementor-element elementor-element-4bea1fc elementor-widget elementor-widget-text-editor\" data-id=\"4bea1fc\" data-element_type=\"widget\" data-e-type=\"widget\" data-widget_type=\"text-editor.default\">\n\t\t\t\t<div class=\"elementor-widget-container\">\n\t\t\t\t\t\t\t\t\t<p>Tout litige li\u00e9 de quelque mani\u00e8re que ce soit \u00e0 votre visite sur ce site Web ou aux produits que vous achetez chez nous sera arbitr\u00e9 par un tribunal d\u2019\u00c9tat, f\u00e9d\u00e9ral ou provincial et vous consentez \u00e0 la comp\u00e9tence exclusive et au lieu de ces tribunaux.<\/p>\t\t\t\t\t\t\t\t<\/div>\n\t\t\t\t<\/div>\n\t\t\t\t<div class=\"elementor-element elementor-element-2a31a0a elementor-widget elementor-widget-heading\" data-id=\"2a31a0a\" data-element_type=\"widget\" data-e-type=\"widget\" data-widget_type=\"heading.default\">\n\t\t\t\t<div class=\"elementor-widget-container\">\n\t\t\t\t\t<h4 class=\"elementor-heading-title elementor-size-default\">Indemnit\u00e9<\/h4>\t\t\t\t<\/div>\n\t\t\t\t<\/div>\n\t\t\t\t<div class=\"elementor-element elementor-element-6c00b4a elementor-widget elementor-widget-text-editor\" data-id=\"6c00b4a\" data-element_type=\"widget\" data-e-type=\"widget\" data-widget_type=\"text-editor.default\">\n\t\t\t\t<div class=\"elementor-widget-container\">\n\t\t\t\t\t\t\t\t\t<p>Vous acceptez d\u2019indemniser Eurovision LED et ses soci\u00e9t\u00e9s affili\u00e9es et de d\u00e9gager Eurovision LED de toute responsabilit\u00e9 contre les r\u00e9clamations et demandes l\u00e9gales pouvant d\u00e9couler de votre utilisation ou mauvaise utilisation de nos services. Nous nous r\u00e9servons le droit de choisir notre propre conseiller juridique.<\/p>\t\t\t\t\t\t\t\t<\/div>\n\t\t\t\t<\/div>\n\t\t\t\t<div class=\"elementor-element elementor-element-b1dc3d4 elementor-widget elementor-widget-heading\" data-id=\"b1dc3d4\" data-element_type=\"widget\" data-e-type=\"widget\" data-widget_type=\"heading.default\">\n\t\t\t\t<div class=\"elementor-widget-container\">\n\t\t\t\t\t<h4 class=\"elementor-heading-title elementor-size-default\">Limitation de responsabilit\u00e9\n<\/h4>\t\t\t\t<\/div>\n\t\t\t\t<\/div>\n\t\t\t\t<div class=\"elementor-element elementor-element-e57bc5b elementor-widget elementor-widget-text-editor\" data-id=\"e57bc5b\" data-element_type=\"widget\" data-e-type=\"widget\" data-widget_type=\"text-editor.default\">\n\t\t\t\t<div class=\"elementor-widget-container\">\n\t\t\t\t\t\t\t\t\t<p>Eurovision LED n\u2019est pas responsable des dommages que vous pourriez subir suite \u00e0 une mauvaise utilisation de notre site Web.<br \/>Eurovision LED se r\u00e9serve le droit d\u2019\u00e9diter, de modifier et de changer le pr\u00e9sent Contrat \u00e0 tout moment. Nous informerons nos utilisateurs de ces modifications par courrier \u00e9lectronique. Cet accord est un accord entre Eurovision LED et l\u2019utilisateur, et il annule et remplace tous les accords ant\u00e9rieurs concernant l\u2019utilisation de ce site Web.<\/p>\t\t\t\t\t\t\t\t<\/div>\n\t\t\t\t<\/div>\n\t\t\t\t\t<\/div>\n\t\t<\/div>\n\t\t\t\t\t<\/div>\n\t\t<\/section>\n\t\t\t\t<\/div>","protected":false},"excerpt":{"rendered":"<p>introduction Please read these terms of use (\u201cterms of use\u201d, \u201cagreement\u201d) carefully before using the Eurovision LED website (\u201cwebsite\u201d, \u201cservice\u201d) operated by Eurovision LED (\u201cus\u201d, \u2018we\u201d, \u201cour\u201d).. Conditions of use By using this website, you certify that you have read and reviewed this Agreement and that you agree to comply with its terms. If you [&hellip;]<\/p>\n","protected":false},"author":1,"featured_media":0,"parent":0,"menu_order":0,"comment_status":"closed","ping_status":"closed","template":"template-builder.php","meta":{"_acf_changed":false,"footnotes":""},"class_list":["post-249","page","type-page","status-publish","hentry"],"aioseo_notices":[],"acf":[],"_links":{"self":[{"href":"https:\/\/eurovisionled.com\/fr\/wp-json\/wp\/v2\/pages\/249","targetHints":{"allow":["GET"]}}],"collection":[{"href":"https:\/\/eurovisionled.com\/fr\/wp-json\/wp\/v2\/pages"}],"about":[{"href":"https:\/\/eurovisionled.com\/fr\/wp-json\/wp\/v2\/types\/page"}],"author":[{"embeddable":true,"href":"https:\/\/eurovisionled.com\/fr\/wp-json\/wp\/v2\/users\/1"}],"replies":[{"embeddable":true,"href":"https:\/\/eurovisionled.com\/fr\/wp-json\/wp\/v2\/comments?post=249"}],"version-history":[{"count":19,"href":"https:\/\/eurovisionled.com\/fr\/wp-json\/wp\/v2\/pages\/249\/revisions"}],"predecessor-version":[{"id":2751,"href":"https:\/\/eurovisionled.com\/fr\/wp-json\/wp\/v2\/pages\/249\/revisions\/2751"}],"wp:attachment":[{"href":"https:\/\/eurovisionled.com\/fr\/wp-json\/wp\/v2\/media?parent=249"}],"curies":[{"name":"wp","href":"https:\/\/api.w.org\/{rel}","templated":true}]}}